{"id":24,"date":"2024-03-23T22:38:49","date_gmt":"2024-03-23T22:38:49","guid":{"rendered":"https:\/\/urbannbold.com\/?page_id=24"},"modified":"2026-04-27T13:15:58","modified_gmt":"2026-04-27T13:15:58","slug":"about","status":"publish","type":"page","link":"https:\/\/urbannbold.com\/es\/about\/","title":{"rendered":"Acerca de"},"content":{"rendered":"<div class=\"wp-block-group has-global-padding is-layout-constrained wp-container-core-group-is-layout-ec6b66f6 wp-block-group-is-layout-constrained\">\n<h1 class=\"wp-block-heading\" style=\"margin-bottom:30px;letter-spacing:-3px\">Historia de Urban n Bold<\/h1>\n\n\n\n<p>Diego, un inmigrante colombiano que emprendi\u00f3 su camino hacia Estados Unidos en 1999 en busca de nuevas oportunidades, ha encontrado su hogar en Boston, Massachusetts desde entonces. Su trayectoria en la industria gastron\u00f3mica comenz\u00f3 de manera fortuita en el restaurante Bakers Best, en Newton, Massachusetts, marcando el inicio de un camino lleno de crecimiento y aprendizaje continuo.<br><br>Desde ese momento, Diego se ha involucrado en todos los aspectos del sector restaurantero, desde trabajar en la cocina como lavaplatos hasta participar en la toma de decisiones estrat\u00e9gicas.<br><br>Con m\u00e1s de 30 a\u00f1os de experiencia, ha perfeccionado su oficio colaborando con chefs reconocidos, observando y analizando el trabajo de otros, y aprendiendo de los aciertos y errores de superiores y colegas, lo cual ha sido fundamental en su desarrollo y en su constante b\u00fasqueda de la excelencia.<\/p>\n\n\n\n<div style=\"height:100px\" aria-hidden=\"true\" class=\"wp-block-spacer sdc_all-space-resp\"><\/div>\n<\/div>\n\n\n\n<div class=\"wp-block-group alignfull sdc_about-slide has-global-padding is-layout-constrained wp-container-core-group-is-layout-7e7f4255 wp-block-group-is-layout-constrained\">\n<div class=\"wp-block-group alignwide has-global-padding is-layout-constrained wp-block-group-is-layout-constrained\" style=\"min-height:0px\">\n<div class=\"alignfull alignfull wp-swiper alignfull\"><div class=\"wp-swiper__wrapper\"><div class=\"swiper-container swiper\" data-swiper=\"{&quot;data-slidesperview&quot;:&quot;auto&quot;,&quot;data-navigation&quot;:true,&quot;data-pagination&quot;:true,&quot;data-autoplay&quot;:false,&quot;data-delay&quot;:3000,&quot;data-speed&quot;:500,&quot;data-loop&quot;:false,&quot;data-effect&quot;:&quot;slide&quot;,&quot;data-direction&quot;:&quot;horizontal&quot;,&quot;data-freemode&quot;:false,&quot;data-autoheight&quot;:true,&quot;data-spacebetween&quot;:20,&quot;data-mousewheel&quot;:false,&quot;data-releaseonedges&quot;:false,&quot;data-paginationtype&quot;:&quot;fraction&quot;}\" data-slidesperview=\"auto\" data-navigation=\"true\" data-pagination=\"true\" data-autoplay=\"false\" data-delay=\"3000\" data-speed=\"500\" data-loop=\"false\" data-effect=\"slide\" data-direction=\"horizontal\" data-freemode=\"false\" data-autoheight=\"true\" data-spacebetween=\"20\" data-mousewheel=\"false\" data-releaseonedges=\"false\" data-paginationtype=\"fraction\"><div class=\"swiper-wrapper\">\n<div data-tab=\"slide-1\" class=\"wp-swiper__slide swiper-slide\"><div class=\"wp-swiper__overlay-color\" style=\"background-color:rgba(0, 0, 0, 0)\"><\/div><div class=\"wp-swiper__slide-content\">\n<figure data-wp-context=\"{&quot;imageId&quot;:&quot;69f9e616de7ca&quot;}\" data-wp-interactive=\"core\/image\" data-wp-key=\"69f9e616de7ca\" class=\"wp-block-image size-full wp-lightbox-container\"><img loading=\"lazy\" decoding=\"async\" width=\"272\" height=\"241\" data-wp-class--hide=\"state.isContentHidden\" data-wp-class--show=\"state.isContentVisible\" data-wp-init=\"callbacks.setButtonStyles\" data-wp-on--click=\"actions.showLightbox\" data-wp-on--load=\"callbacks.setButtonStyles\" data-wp-on-window--resize=\"callbacks.setButtonStyles\" src=\"https:\/\/urbannbold.com\/wp-content\/uploads\/2024\/03\/about1.webp\" alt=\"\" class=\"wp-image-957\"\/><button\n\t\t\tclass=\"lightbox-trigger\"\n\t\t\ttype=\"button\"\n\t\t\taria-haspopup=\"dialog\"\n\t\t\taria-label=\"Agrandar\"\n\t\t\tdata-wp-init=\"callbacks.initTriggerButton\"\n\t\t\tdata-wp-on--click=\"actions.showLightbox\"\n\t\t\tdata-wp-style--right=\"state.imageButtonRight\"\n\t\t\tdata-wp-style--top=\"state.imageButtonTop\"\n\t\t>\n\t\t\t<svg xmlns=\"http:\/\/www.w3.org\/2000\/svg\" width=\"12\" height=\"12\" fill=\"none\" viewbox=\"0 0 12 12\">\n\t\t\t\t<path fill=\"#fff\" d=\"M2 0a2 2 0 0 0-2 2v2h1.5V2a.5.5 0 0 1 .5-.5h2V0H2Zm2 10.5H2a.5.5 0 0 1-.5-.5V8H0v2a2 2 0 0 0 2 2h2v-1.5ZM8 12v-1.5h2a.5.5 0 0 0 .5-.5V8H12v2a2 2 0 0 1-2 2H8Zm2-12a2 2 0 0 1 2 2v2h-1.5V2a.5.5 0 0 0-.5-.5H8V0h2Z\" \/>\n\t\t\t<\/svg>\n\t\t<\/button><\/figure>\n<\/div><\/div>\n\n\n\n<div data-tab=\"slide-2\" class=\"wp-swiper__slide swiper-slide\"><div class=\"wp-swiper__overlay-color\" style=\"background-color:rgba(0, 0, 0, 0)\"><\/div><div class=\"wp-swiper__slide-content\">\n<figure data-wp-context=\"{&quot;imageId&quot;:&quot;69f9e616deac1&quot;}\" data-wp-interactive=\"core\/image\" data-wp-key=\"69f9e616deac1\" class=\"wp-block-image size-full wp-lightbox-container\"><img loading=\"lazy\" decoding=\"async\" width=\"272\" height=\"241\" data-wp-class--hide=\"state.isContentHidden\" data-wp-class--show=\"state.isContentVisible\" data-wp-init=\"callbacks.setButtonStyles\" data-wp-on--click=\"actions.showLightbox\" data-wp-on--load=\"callbacks.setButtonStyles\" data-wp-on-window--resize=\"callbacks.setButtonStyles\" src=\"https:\/\/urbannbold.com\/wp-content\/uploads\/2024\/03\/about2.webp\" alt=\"\" class=\"wp-image-958\"\/><button\n\t\t\tclass=\"lightbox-trigger\"\n\t\t\ttype=\"button\"\n\t\t\taria-haspopup=\"dialog\"\n\t\t\taria-label=\"Agrandar\"\n\t\t\tdata-wp-init=\"callbacks.initTriggerButton\"\n\t\t\tdata-wp-on--click=\"actions.showLightbox\"\n\t\t\tdata-wp-style--right=\"state.imageButtonRight\"\n\t\t\tdata-wp-style--top=\"state.imageButtonTop\"\n\t\t>\n\t\t\t<svg xmlns=\"http:\/\/www.w3.org\/2000\/svg\" width=\"12\" height=\"12\" fill=\"none\" viewbox=\"0 0 12 12\">\n\t\t\t\t<path fill=\"#fff\" d=\"M2 0a2 2 0 0 0-2 2v2h1.5V2a.5.5 0 0 1 .5-.5h2V0H2Zm2 10.5H2a.5.5 0 0 1-.5-.5V8H0v2a2 2 0 0 0 2 2h2v-1.5ZM8 12v-1.5h2a.5.5 0 0 0 .5-.5V8H12v2a2 2 0 0 1-2 2H8Zm2-12a2 2 0 0 1 2 2v2h-1.5V2a.5.5 0 0 0-.5-.5H8V0h2Z\" \/>\n\t\t\t<\/svg>\n\t\t<\/button><\/figure>\n<\/div><\/div>\n\n\n\n<div data-tab=\"slide-3\" class=\"wp-swiper__slide swiper-slide\"><div class=\"wp-swiper__overlay-color\" style=\"background-color:rgba(0, 0, 0, 0)\"><\/div><div class=\"wp-swiper__slide-content\">\n<figure data-wp-context=\"{&quot;imageId&quot;:&quot;69f9e616ded74&quot;}\" data-wp-interactive=\"core\/image\" data-wp-key=\"69f9e616ded74\" class=\"wp-block-image size-full wp-lightbox-container\"><img loading=\"lazy\" decoding=\"async\" width=\"572\" height=\"241\" data-wp-class--hide=\"state.isContentHidden\" data-wp-class--show=\"state.isContentVisible\" data-wp-init=\"callbacks.setButtonStyles\" data-wp-on--click=\"actions.showLightbox\" data-wp-on--load=\"callbacks.setButtonStyles\" data-wp-on-window--resize=\"callbacks.setButtonStyles\" src=\"https:\/\/urbannbold.com\/wp-content\/uploads\/2024\/03\/about3.webp\" alt=\"\" class=\"wp-image-959\" srcset=\"https:\/\/urbannbold.com\/wp-content\/uploads\/2024\/03\/about3.webp 572w, https:\/\/urbannbold.com\/wp-content\/uploads\/2024\/03\/about3-300x126.webp 300w\" sizes=\"auto, (max-width: 572px) 100vw, 572px\" \/><button\n\t\t\tclass=\"lightbox-trigger\"\n\t\t\ttype=\"button\"\n\t\t\taria-haspopup=\"dialog\"\n\t\t\taria-label=\"Agrandar\"\n\t\t\tdata-wp-init=\"callbacks.initTriggerButton\"\n\t\t\tdata-wp-on--click=\"actions.showLightbox\"\n\t\t\tdata-wp-style--right=\"state.imageButtonRight\"\n\t\t\tdata-wp-style--top=\"state.imageButtonTop\"\n\t\t>\n\t\t\t<svg xmlns=\"http:\/\/www.w3.org\/2000\/svg\" width=\"12\" height=\"12\" fill=\"none\" viewbox=\"0 0 12 12\">\n\t\t\t\t<path fill=\"#fff\" d=\"M2 0a2 2 0 0 0-2 2v2h1.5V2a.5.5 0 0 1 .5-.5h2V0H2Zm2 10.5H2a.5.5 0 0 1-.5-.5V8H0v2a2 2 0 0 0 2 2h2v-1.5ZM8 12v-1.5h2a.5.5 0 0 0 .5-.5V8H12v2a2 2 0 0 1-2 2H8Zm2-12a2 2 0 0 1 2 2v2h-1.5V2a.5.5 0 0 0-.5-.5H8V0h2Z\" \/>\n\t\t\t<\/svg>\n\t\t<\/button><\/figure>\n<\/div><\/div>\n\n\n\n<div data-tab=\"slide-4\" class=\"wp-swiper__slide swiper-slide\"><div class=\"wp-swiper__overlay-color\" style=\"background-color:rgba(0, 0, 0, 0)\"><\/div><div class=\"wp-swiper__slide-content\">\n<figure data-wp-context=\"{&quot;imageId&quot;:&quot;69f9e616deffb&quot;}\" data-wp-interactive=\"core\/image\" data-wp-key=\"69f9e616deffb\" class=\"wp-block-image size-full wp-lightbox-container\"><img loading=\"lazy\" decoding=\"async\" width=\"272\" height=\"241\" data-wp-class--hide=\"state.isContentHidden\" data-wp-class--show=\"state.isContentVisible\" data-wp-init=\"callbacks.setButtonStyles\" data-wp-on--click=\"actions.showLightbox\" data-wp-on--load=\"callbacks.setButtonStyles\" data-wp-on-window--resize=\"callbacks.setButtonStyles\" src=\"https:\/\/urbannbold.com\/wp-content\/uploads\/2024\/03\/gallery6.webp\" alt=\"\" class=\"wp-image-931\"\/><button\n\t\t\tclass=\"lightbox-trigger\"\n\t\t\ttype=\"button\"\n\t\t\taria-haspopup=\"dialog\"\n\t\t\taria-label=\"Agrandar\"\n\t\t\tdata-wp-init=\"callbacks.initTriggerButton\"\n\t\t\tdata-wp-on--click=\"actions.showLightbox\"\n\t\t\tdata-wp-style--right=\"state.imageButtonRight\"\n\t\t\tdata-wp-style--top=\"state.imageButtonTop\"\n\t\t>\n\t\t\t<svg xmlns=\"http:\/\/www.w3.org\/2000\/svg\" width=\"12\" height=\"12\" fill=\"none\" viewbox=\"0 0 12 12\">\n\t\t\t\t<path fill=\"#fff\" d=\"M2 0a2 2 0 0 0-2 2v2h1.5V2a.5.5 0 0 1 .5-.5h2V0H2Zm2 10.5H2a.5.5 0 0 1-.5-.5V8H0v2a2 2 0 0 0 2 2h2v-1.5ZM8 12v-1.5h2a.5.5 0 0 0 .5-.5V8H12v2a2 2 0 0 1-2 2H8Zm2-12a2 2 0 0 1 2 2v2h-1.5V2a.5.5 0 0 0-.5-.5H8V0h2Z\" \/>\n\t\t\t<\/svg>\n\t\t<\/button><\/figure>\n<\/div><\/div>\n\n\n\n<div data-tab=\"slide-5\" class=\"wp-swiper__slide swiper-slide\"><div class=\"wp-swiper__overlay-color\" style=\"background-color:rgba(0, 0, 0, 0)\"><\/div><div class=\"wp-swiper__slide-content\">\n<figure data-wp-context=\"{&quot;imageId&quot;:&quot;69f9e616df2bd&quot;}\" data-wp-interactive=\"core\/image\" data-wp-key=\"69f9e616df2bd\" class=\"wp-block-image size-large wp-lightbox-container\"><img loading=\"lazy\" decoding=\"async\" width=\"1024\" height=\"569\" data-wp-class--hide=\"state.isContentHidden\" data-wp-class--show=\"state.isContentVisible\" data-wp-init=\"callbacks.setButtonStyles\" data-wp-on--click=\"actions.showLightbox\" data-wp-on--load=\"callbacks.setButtonStyles\" data-wp-on-window--resize=\"callbacks.setButtonStyles\" src=\"https:\/\/urbannbold.com\/wp-content\/uploads\/2024\/03\/general_administration-1024x569.webp\" alt=\"\" class=\"wp-image-385\" srcset=\"https:\/\/urbannbold.com\/wp-content\/uploads\/2024\/03\/general_administration-1024x569.webp 1024w, https:\/\/urbannbold.com\/wp-content\/uploads\/2024\/03\/general_administration-300x167.webp 300w, https:\/\/urbannbold.com\/wp-content\/uploads\/2024\/03\/general_administration-768x427.webp 768w, https:\/\/urbannbold.com\/wp-content\/uploads\/2024\/03\/general_administration.webp 1440w\" sizes=\"auto, (max-width: 1024px) 100vw, 1024px\" \/><button\n\t\t\tclass=\"lightbox-trigger\"\n\t\t\ttype=\"button\"\n\t\t\taria-haspopup=\"dialog\"\n\t\t\taria-label=\"Agrandar\"\n\t\t\tdata-wp-init=\"callbacks.initTriggerButton\"\n\t\t\tdata-wp-on--click=\"actions.showLightbox\"\n\t\t\tdata-wp-style--right=\"state.imageButtonRight\"\n\t\t\tdata-wp-style--top=\"state.imageButtonTop\"\n\t\t>\n\t\t\t<svg xmlns=\"http:\/\/www.w3.org\/2000\/svg\" width=\"12\" height=\"12\" fill=\"none\" viewbox=\"0 0 12 12\">\n\t\t\t\t<path fill=\"#fff\" d=\"M2 0a2 2 0 0 0-2 2v2h1.5V2a.5.5 0 0 1 .5-.5h2V0H2Zm2 10.5H2a.5.5 0 0 1-.5-.5V8H0v2a2 2 0 0 0 2 2h2v-1.5ZM8 12v-1.5h2a.5.5 0 0 0 .5-.5V8H12v2a2 2 0 0 1-2 2H8Zm2-12a2 2 0 0 1 2 2v2h-1.5V2a.5.5 0 0 0-.5-.5H8V0h2Z\" \/>\n\t\t\t<\/svg>\n\t\t<\/button><\/figure>\n<\/div><\/div>\n<\/div><\/div><div class=\"wp_swiper__navigation\"><div class=\"wp_swiper__navigation-container\"><div class=\"swiper-button-prev\"><\/div><div class=\"swiper-button-next\"><\/div><\/div><\/div><div class=\"swiper-pagination\"><\/div><\/div><\/div>\n<\/div>\n\n\n\n<div style=\"height:83px\" aria-hidden=\"true\" class=\"wp-block-spacer\"><\/div>\n<\/div>\n\n\n\n<div class=\"wp-block-group has-global-padding is-layout-constrained wp-container-core-group-is-layout-ec6b66f6 wp-block-group-is-layout-constrained\">\n<p>Su trayectoria es un testimonio de resiliencia, determinaci\u00f3n y un compromiso inquebrantable con la excelencia. A lo largo de los a\u00f1os, en los restaurantes donde ha trabajado, ha logrado importantes resultados, incluyendo reconocimientos por parte de la gerencia y premios otorgados por algunas de las principales revistas de Boston, peri\u00f3dicos locales, OpenTable y cr\u00edticos gastron\u00f3micos.<br><br>A trav\u00e9s de iniciativas estrat\u00e9gicas como la actualizaci\u00f3n de herramientas y equipos, la implementaci\u00f3n de ingenier\u00eda de men\u00fas (Menu Engineering), el an\u00e1lisis detallado de la gesti\u00f3n de inventarios, la negociaci\u00f3n con proveedores para reducir costos, y la capacitaci\u00f3n integral del personal para mejorar la eficiencia en la preparaci\u00f3n de alimentos y el control de porciones, Diego ha impulsado consistentemente la excelencia operativa.<br><br>Tambi\u00e9n ha promovido el uso \u00f3ptimo de los recursos mediante programas de incentivos, impulsado la implementaci\u00f3n de automatizaci\u00f3n clave como sistemas POS robustos y software de inventarios para ahorrar tiempo y reducir costos laborales, y ha capacitado al equipo para desempe\u00f1ar m\u00faltiples funciones. Al adoptar metodolog\u00edas lean enfocadas en maximizar el valor para el cliente, eliminar ineficiencias, optimizar procesos y reducir costos, ha logrado mejorar significativamente las operaciones.<br><br>Estos cambios han generado un incremento en las ventas, una reducci\u00f3n de costos y, lo m\u00e1s importante, un aumento en la rentabilidad, demostrando ser altamente efectivos para impulsar el crecimiento del negocio y alcanzar objetivos financieros.<br><br>El esfuerzo continuo por optimizar las operaciones ha permitido construir una cultura de excelencia y conciencia de costos que impulsa el \u00e9xito sostenido en la industria gastron\u00f3mica. Motivado por su pasi\u00f3n por la excelencia, Diego cofund\u00f3 Urban n Bold con la firme convicci\u00f3n de que muchos negocios pueden beneficiarse del conocimiento y la experiencia externa.<br><br>En Urban n Bold creemos que el \u00e9xito no solo depende de la habilidad culinaria, sino tambi\u00e9n de la innovaci\u00f3n estrat\u00e9gica y la dedicaci\u00f3n constante. Por eso ofrecemos una amplia gama de servicios dise\u00f1ados para adaptarse a las necesidades espec\u00edficas de cada restaurante. Desde el desarrollo de men\u00fas hasta la gesti\u00f3n financiera, la administraci\u00f3n general y el marketing efectivo, ayudamos a propietarios, chefs y gerentes a navegar con \u00e9xito las complejidades de sus negocios.<\/p>\n<\/div>","protected":false},"excerpt":{"rendered":"<p>Urban n bold story a little about us\u2026 Diego, a Colombian immigrant who bravely ventured to the United States in 1999 in pursuit of new opportunities, has called Boston, Massachusetts home ever since. His journey in the restaurant industry began serendipitously at Bakers Best restaurant in Newton, Massachusetts, marking the start of a path defined [&hellip;]<\/p>","protected":false},"author":1,"featured_media":856,"parent":0,"menu_order":0,"comment_status":"closed","ping_status":"closed","template":"","meta":{"footnotes":""},"class_list":["post-24","page","type-page","status-publish","has-post-thumbnail","hentry"],"_links":{"self":[{"href":"https:\/\/urbannbold.com\/es\/wp-json\/wp\/v2\/pages\/24","targetHints":{"allow":["GET"]}}],"collection":[{"href":"https:\/\/urbannbold.com\/es\/wp-json\/wp\/v2\/pages"}],"about":[{"href":"https:\/\/urbannbold.com\/es\/wp-json\/wp\/v2\/types\/page"}],"author":[{"embeddable":true,"href":"https:\/\/urbannbold.com\/es\/wp-json\/wp\/v2\/users\/1"}],"replies":[{"embeddable":true,"href":"https:\/\/urbannbold.com\/es\/wp-json\/wp\/v2\/comments?post=24"}],"version-history":[{"count":44,"href":"https:\/\/urbannbold.com\/es\/wp-json\/wp\/v2\/pages\/24\/revisions"}],"predecessor-version":[{"id":1213,"href":"https:\/\/urbannbold.com\/es\/wp-json\/wp\/v2\/pages\/24\/revisions\/1213"}],"wp:featuredmedia":[{"embeddable":true,"href":"https:\/\/urbannbold.com\/es\/wp-json\/wp\/v2\/media\/856"}],"wp:attachment":[{"href":"https:\/\/urbannbold.com\/es\/wp-json\/wp\/v2\/media?parent=24"}],"curies":[{"name":"wp","href":"https:\/\/api.w.org\/{rel}","templated":true}]}}